{"id":339,"date":"2019-05-12T14:02:47","date_gmt":"2019-05-12T14:02:47","guid":{"rendered":"https:\/\/pulzus.eu\/?page_id=339"},"modified":"2019-05-12T14:02:47","modified_gmt":"2019-05-12T14:02:47","slug":"pulzus-jatek-tajekoztato","status":"publish","type":"page","link":"https:\/\/www.pulzus.eu\/en\/pulzus-jatek-tajekoztato\/","title":{"rendered":"Pulzus j\u00e1t\u00e9k t\u00e1j\u00e9koztat\u00f3"},"content":{"rendered":"<h1 style=\"text-align: center;\">PULZUS J\u00c1T\u00c9K &#8211; Adatkezel\u00e9si t\u00e1j\u00e9koztat\u00f3<\/h1>\n<p class=\"lead\">a &#8220;<strong>J\u00e1tssz a Pulzus-nal a 10 db 5000 Ft-os, a 10 db 25000 Ft-os b\u00f3nusz brig\u00e1d kupon, az 1 db iPhone X, az 1 db 2 szem\u00e9lyes egzotikus utaz\u00e1s nyerem\u00e9nyek egyik\u00e9\u00e9rt!<\/strong>&#8221; j\u00e1t\u00e9kban megadott szem\u00e9lyes adatok kezel\u00e9s\u00e9r\u0151l<\/p>\n<p class=\"lead\"><strong>Az adatkezel\u0151, a MTM Kft.<\/strong> figyelemmel a 2018. m\u00e1jus 25.-i hat\u00e1llyal \u00e9rv\u00e9nybe l\u00e9p\u0151, AZ EUR\u00d3PAI PARLAMENT \u00c9S A TAN\u00c1CS (EU 2016\/679 RENDELETE (2016. \u00e1prilis 27.) a term\u00e9szetes szem\u00e9lyeknek a szem\u00e9lyes adatok kezel\u00e9se tekintet\u00e9ben t\u00f6rt\u00e9n\u0151 v\u00e9delm\u00e9r\u0151l \u00e9s az ilyen adatok szabad \u00e1raml\u00e1s\u00e1r\u00f3l, valamint a 95\/46\/EK rendelet hat\u00e1lyon k\u00edv\u00fcl helyez\u00e9s\u00e9r\u0151l, GDPR, \u00e1ltal\u00e1nos adatv\u00e9delmi rendeletre, a tov\u00e1bbiakban Rendelet, valamint egy\u00e9b jogszab\u00e1lyi k\u00f6telezetts\u00e9geink betart\u00e1sa jegy\u00e9ben fel\u00fclvizsg\u00e1lta eddigi adatkezel\u00e9s\u00e9t \u00e9s adatv\u00e9delmi int\u00e9zked\u00e9seit \u00e9s a j\u00e1t\u00e9k befejez\u00e9s\u00e9ig annak figyelembe v\u00e9tel\u00e9vel j\u00e1r el az adatkezel\u00e9s sor\u00e1n.<\/p>\n<p class=\"lead\">Az adatkezel\u0151 kijelenti, hogy a j\u00f6v\u0151ben a jelen j\u00e1t\u00e9khoz megadott szem\u00e9lyes adatokat nem kezelheti, kiv\u00e9ve ha arra az \u00e9rintettt\u0151l k\u00fcl\u00f6n enged\u00e9lyt k\u00e9rt.<\/p>\n<p class=\"lead\">Az \u00d6n adatainak v\u00e9delme fontos sz\u00e1munkra. Nagyra \u00e9rt\u00e9kelj\u00fck bel\u00e9nk vetett bizalm\u00e1t, \u00e9s elk\u00f6telezettek vagyunk az \u00d6n szem\u00e9lyes adatainak v\u00e9delme ir\u00e1nt. Ez a dokumentum azt \u00edrja le, hogyan haszn\u00e1ljuk az \u00d6n szem\u00e9lyes adatait, valamint azt is megmutatja, \u00d6n hogyan l\u00e9phet kapcsolatba vel\u00fcnk, ha k\u00e9rd\u00e9se van szem\u00e9lyes adataival kapcsolatban.<\/p>\n<h3>I. A kezelt szem\u00e9lyes adatok k\u00f6re<\/h3>\n<ul>\n<li>A &#8220;<strong>J\u00e1tssz a Pulzus-nal a 10 db 5000 Ft-os, a 10 db 25000 Ft-os b\u00f3nusz brig\u00e1d kupon, az 1 db iPhone X, az 1 db 2 szem\u00e9lyes egzotikus utaz\u00e1s nyerem\u00e9nyek egyik\u00e9\u00e9rt!<\/strong>&#8221; prom\u00f3ci\u00f3s j\u00e1t\u00e9kra (tov\u00e1bbiakban: J\u00e1t\u00e9k) regisztr\u00e1l\u00f3 j\u00e1t\u00e9kos (tov\u00e1bbiakban: J\u00e1t\u00e9kos) az al\u00e1bbi szem\u00e9lyes adatait adja \u00e1t kezel\u00e9sre a <strong>MTM Kft.<\/strong> (1096 Budapest, Thaly K\u00e1lm\u00e1n u. 39., tov\u00e1bbiakban: MTM vagy adatkezel\u0151) r\u00e9sz\u00e9re (az adatszolg\u00e1ltat\u00e1s \u00f6nk\u00e9ntes):- k\u00f6telez\u0151en megadand\u00f3 adat: e-mail c\u00edm, nyertes eset\u00e9n: n\u00e9v, telefonsz\u00e1m, postai c\u00edm;<\/li>\n<\/ul>\n<p><strong>A J\u00e1t\u00e9kos a jelen t\u00e1j\u00e9koztat\u00f3 szerinti adatkezel\u00e9shez a regisztr\u00e1l\u00e1ssal adja hozz\u00e1j\u00e1rul\u00e1s\u00e1t.<\/strong><br \/>\n<span style=\"font-size: 20.15999984741211px; color: #333333;\"><br \/>\nII. Az adatkezel\u00e9s c\u00e9lja \u00e9s id\u0151tartama, adattov\u00e1bb\u00edt\u00e1s<\/span><\/p>\n<ul>\n<li>A MTM a J\u00e1t\u00e9kban r\u00e9sztvev\u0151k szem\u00e9lyes adatait kiz\u00e1r\u00f3lag a kapcsol\u00f3d\u00f3 R\u00e9szv\u00e9teli Felt\u00e9telekben foglalt k\u00f6telezetts\u00e9geinek teljes\u00edt\u00e9s\u00e9hez, a J\u00e1t\u00e9kosok regisztr\u00e1ci\u00f3j\u00e1nak nyilv\u00e1ntart\u00e1sa, kapcsolattart\u00e1s \u00e9s adminisztr\u00e1ci\u00f3, valamint a nyertesek \u00e9rtes\u00edt\u00e9se, a nyerem\u00e9nyek \u00e1tad\u00e1sa c\u00e9lj\u00e1b\u00f3l kezeli. Figyelemmel az adatok \u00f6nk\u00e9ntes, az adattulajdonosok saj\u00e1t maguk \u00e1ltal szolg\u00e1ltatott volt\u00e1ra, az adattulajdonosok adatkezel\u00e9shez val\u00f3 hozz\u00e1j\u00e1rul\u00e1sa a regisztr\u00e1ci\u00f3 alapj\u00e1n megadottnak tekintend\u0151.<\/li>\n<li>Amennyiben az \u00fcgyf\u00e9l a regisztr\u00e1ci\u00f3 sor\u00e1n a megfelel\u0151 mez\u0151 kipip\u00e1l\u00e1s\u00e1val ehhez hozz\u00e1j\u00e1rult, MTM a regisztr\u00e1ci\u00f3 sor\u00e1n megadott adatait marketing tev\u00e9kenys\u00e9g\u00e9hez, kapcsolattart\u00e1s, k\u00f6zvetlen \u00fczletszerz\u00e9si c\u00e9l\u00fa megkeres\u00e9sek (a term\u00e9keik \u00e9s szolg\u00e1ltat\u00e1saik aj\u00e1nl\u00e1sa, hirdet\u00e9seik tov\u00e1bb\u00edt\u00e1sa), piackutat\u00e1s \u00e9s t\u00e1j\u00e9koztat\u00e1s c\u00e9lj\u00e1ra telefonon vagy egy\u00e9b elektronikus h\u00edrk\u00f6zl\u00e9si \u00faton (pl. sms, mms, e-mail), automatiz\u00e1lt h\u00edv\u00f3rendszeren kereszt\u00fcl, illetve postai \u00faton kezeli \u00e9s haszn\u00e1lja fel. A MTM a szem\u00e9lyes adatokat fenti marketing c\u00e9lb\u00f3l visszavon\u00e1sig, illetve az adattulajdonos k\u00e9r\u00e9s\u00e9re t\u00f6rt\u00e9n\u0151 t\u00f6rl\u00e9sig kezeli.<\/li>\n<li>A k\u00f6zvetlen \u00fczletszerz\u00e9si \u00e9s marketing c\u00e9l\u00fa megkeres\u00e9sek kapcs\u00e1n a SzondaPhone Kft. (1096 Budapest, Thaly K\u00e1lm\u00e1n u. 39.) l\u00e1t el adatfeldolgoz\u00e1si tev\u00e9kenys\u00e9get, melynek keret\u00e9ben a MTM marketing tev\u00e9kenys\u00e9g\u00e9hez kapcsol\u00f3d\u00f3, k\u00f6zvetlen \u00fczletszerz\u00e9s, piackutat\u00e1s \u00e9s t\u00e1j\u00e9koztat\u00e1s c\u00e9lj\u00e1ra k\u00e9sz\u00fclt anyagait perszonaliz\u00e1lja \u00e9s \u00fcgyfeleinkhez telefonon, vagy egy\u00e9b h\u00edrk\u00f6zl\u00e9si \u00faton (pl. SMS, MMS, e-mail), automatiz\u00e1lt h\u00edv\u00f3rendszeren kereszt\u00fcl, illetve postai \u00faton eljuttatja. A marketing c\u00e9l\u00fa megkeres\u00e9st k\u00f6vet\u0151en a szem\u00e9lyes adatokat tartalmaz\u00f3 elektronikus f\u00e1jlokat az adatfeldolgoz\u00f3k halad\u00e9ktalanul t\u00f6rlik, illetve megsemmis\u00edtik. A marketing c\u00e9l\u00fa adatkezel\u00e9sben r\u00e9sztvev\u0151, mindenkori aktu\u00e1lis adatfeldolgoz\u00f3 c\u00e9gek list\u00e1ja megtal\u00e1lhat\u00f3 a callcenter.hu oldalon. Az adatok az\u00a0adattulajdonos el\u0151zetes t\u00e1j\u00e9koztat\u00e1sa \u00e9s enged\u00e9lye n\u00e9lk\u00fcl tov\u00e1bbi harmadik szem\u00e9ly r\u00e9sz\u00e9re nem ker\u00fclnek \u00e1tad\u00e1sra, ide nem \u00e9rtve a jogszab\u00e1lyokban meghat\u00e1rozott eseteket.<\/li>\n<li>Az adatok az adattulajdonos el\u0151zetes t\u00e1j\u00e9koztat\u00e1sa \u00e9s enged\u00e9lye n\u00e9lk\u00fcl tov\u00e1bbi harmadik szem\u00e9ly r\u00e9sz\u00e9re nem ker\u00fclnek \u00e1tad\u00e1sra, ide nem \u00e9rtve a jogszab\u00e1lyokban meghat\u00e1rozott eseteket.<\/li>\n<\/ul>\n<h3>III. A szem\u00e9lyes adatok kezel\u00e9s\u00e9nek jogalapja<\/h3>\n<ul>\n<li>A J\u00e1t\u00e9kban t\u00f6rt\u00e9n\u0151 r\u00e9szv\u00e9tellel kapcsolatos adatszolg\u00e1ltat\u00e1s \u00f6nk\u00e9ntes. A J\u00e1t\u00e9kos kiz\u00e1r\u00f3lag saj\u00e1t szem\u00e9lyes adatait adhatja meg. Amennyiben nem saj\u00e1t szem\u00e9lyes adatait adja meg, az adatk\u00f6zl\u0151 k\u00f6teless\u00e9ge az \u00e9rintett adattulajdonos hozz\u00e1j\u00e1rul\u00e1s\u00e1nak beszerz\u00e9se.<\/li>\n<\/ul>\n<h3>IV. A J\u00e1t\u00e9kos jogai a kezelt adataival kapcsolatban<\/h3>\n<ul>\n<li>Az adatkezel\u0151 a J\u00e1t\u00e9kos k\u00e9r\u00e9s\u00e9re t\u00e1j\u00e9koztat\u00e1st ad a J\u00e1t\u00e9kos \u00e1ltala kezelt szem\u00e9lyes adatair\u00f3l, azok forr\u00e1s\u00e1r\u00f3l, az adatkezel\u00e9s c\u00e9lj\u00e1r\u00f3l, jogalapj\u00e1r\u00f3l, id\u0151tartam\u00e1r\u00f3l, az esetleges adatfeldolgoz\u00f3(k) nev\u00e9r\u0151l, c\u00edm\u00e9r\u0151l \u00e9s az adatkezel\u00e9ssel \u00f6sszef\u00fcgg\u0151 tev\u00e9kenys\u00e9g\u00e9r\u0151l, tov\u00e1bb\u00e1 &#8211; az \u00e9rintett szem\u00e9lyes adatainak tov\u00e1bb\u00edt\u00e1sa eset\u00e9n \u2013 az adattov\u00e1bb\u00edt\u00e1s jogalapj\u00e1r\u00f3l \u00e9s c\u00edmzettj\u00e9r\u0151l. Az adatkezel\u0151 a k\u00e9relem be\u00e9rkez\u00e9s\u00e9t\u0151l sz\u00e1m\u00edtott legk\u00e9s\u0151bb 25 napon bel\u00fcl, \u00edr\u00e1sban v\u00e1laszol.<\/li>\n<li>A J\u00e1t\u00e9kos jogosult k\u00e9rni a szem\u00e9lyes adatai helyesb\u00edt\u00e9s\u00e9t (megjel\u00f6lve a helyes adatokat). Az adatkezel\u0151 a helyesb\u00edt\u00e9st halad\u00e9ktalanul elv\u00e9gzi a nyilv\u00e1ntart\u00e1s\u00e1ban, \u00e9s ennek megt\u00f6rt\u00e9nt\u00e9r\u0151l \u00edr\u00e1sban \u00e9rtes\u00edti a J\u00e1t\u00e9kost.<\/li>\n<li>A J\u00e1t\u00e9kos a fentieken k\u00edv\u00fcl b\u00e1rmikor k\u00e9rheti az adatai t\u00f6rl\u00e9s\u00e9t vagy z\u00e1rol\u00e1s\u00e1t \u2013 r\u00e9szben vagy eg\u00e9szben \u2013 ingyenesen, indokol\u00e1s n\u00e9lk\u00fcl. Az adatkezel\u0151 a t\u00f6rl\u00e9si k\u00e9relem k\u00e9zhezv\u00e9tel\u00e9t k\u00f6vet\u0151en halad\u00e9ktalanul gondoskodik az adatkezel\u00e9s megsz\u00fcntet\u00e9s\u00e9r\u0151l, \u00e9s t\u00f6rli a J\u00e1t\u00e9kost a nyilv\u00e1ntart\u00e1s\u00e1b\u00f3l.<br \/>\nT\u00f6rl\u00e9s helyett az adatkezel\u0151 z\u00e1rolja a szem\u00e9lyes adatot, ha a J\u00e1t\u00e9kos ezt k\u00e9ri, vagy ha a rendelkez\u00e9s\u00e9re \u00e1ll\u00f3 inform\u00e1ci\u00f3k alapj\u00e1n felt\u00e9telezhet\u0151, hogy a t\u00f6rl\u00e9s s\u00e9rten\u00e9 a J\u00e1t\u00e9kos jogos \u00e9rdekeit. Az \u00edgy z\u00e1rolt szem\u00e9lyes adat kiz\u00e1r\u00f3lag addig kezelhet\u0151, ameddig fenn\u00e1ll az az adatkezel\u00e9si c\u00e9l, amely a szem\u00e9lyes adat t\u00f6rl\u00e9s\u00e9t kiz\u00e1rta.<\/li>\n<li>Az adatkezel\u0151 a t\u00e1j\u00e9koztat\u00e1s, helyesb\u00edt\u00e9s, z\u00e1rol\u00e1s vagy t\u00f6rl\u00e9s ir\u00e1nti k\u00e9relmeket az al\u00e1bbi el\u00e9rhet\u0151s\u00e9geken fogadja: a MTM Kft. 1096 Budapest Thaly K\u00e1lm\u00e1n u. 39. postai \u00e9s az pulzus@pulzus.eu elektronikus c\u00edmeken.<\/li>\n<li>Amennyiben az adatkezel\u0151 a J\u00e1t\u00e9kos helyesb\u00edt\u00e9s, z\u00e1rol\u00e1s vagy t\u00f6rl\u00e9s ir\u00e1nti k\u00e9relm\u00e9t nem teljes\u00edti, a k\u00e9relem k\u00e9zhezv\u00e9tel\u00e9t k\u00f6vet\u0151 25 napon bel\u00fcl \u00edr\u00e1sban k\u00f6zli a helyesb\u00edt\u00e9s, z\u00e1rol\u00e1s vagy t\u00f6rl\u00e9s ir\u00e1nti k\u00e9relem elutas\u00edt\u00e1s\u00e1nak t\u00e9nybeli \u00e9s jogi indokait. A helyesb\u00edt\u00e9s, t\u00f6rl\u00e9s vagy z\u00e1rol\u00e1s ir\u00e1nti k\u00e9relem elutas\u00edt\u00e1sa eset\u00e9n az adatkezel\u0151 t\u00e1j\u00e9koztatja a J\u00e1t\u00e9kost a b\u00edr\u00f3s\u00e1gi jogorvoslat, tov\u00e1bb\u00e1 a Nemzeti Adatv\u00e9delmi \u00e9s Inform\u00e1ci\u00f3szabads\u00e1g Hat\u00f3s\u00e1ghoz t\u00f6rt\u00e9n\u0151 fordul\u00e1s lehet\u0151s\u00e9g\u00e9r\u0151l.<\/li>\n<li>A J\u00e1t\u00e9kos tudom\u00e1sul veszi, hogy a J\u00e1t\u00e9kb\u00f3l val\u00f3 kiz\u00e1r\u00e1shoz vezet, ha a J\u00e1t\u00e9k lebonyol\u00edt\u00e1s\u00e1hoz sz\u00fcks\u00e9ges adatok t\u00f6rl\u00e9s\u00e9t a nyerem\u00e9ny \u00e1tad\u00e1sa el\u0151tt k\u00e9relmezi (kiv\u00e9ve, ha csak a marketing c\u00e9l\u00fa adatkezel\u00e9shez adott hozz\u00e1j\u00e1rul\u00e1s\u00e1t vonja vissza a J\u00e1t\u00e9kos). A J\u00e1t\u00e9kos tudom\u00e1sul veszi, hogy amennyiben a J\u00e1t\u00e9k id\u0151tartama alatt kiz\u00e1r\u00f3lag a marketing c\u00e9l\u00fa megkeres\u00e9shez adott hozz\u00e1j\u00e1rul\u00e1s\u00e1t vonja vissza, az adatkezel\u0151 a J\u00e1t\u00e9k szervez\u00e9s\u00e9hez, illetve lebonyol\u00edt\u00e1s\u00e1hoz sz\u00fcks\u00e9ges c\u00e9lb\u00f3l, \u00e9s az ahhoz sz\u00fcks\u00e9ges ideig a megadott szem\u00e9lyes adatait tov\u00e1bbra is kezelheti.<\/li>\n<\/ul>\n<h3>V. Adatbiztons\u00e1g<\/h3>\n<ul>\n<li>Az adatkezel\u0151 k\u00f6telezi mag\u00e1t arra, hogy gondoskodik az adatok biztons\u00e1g\u00e1r\u00f3l, megteszi tov\u00e1bb\u00e1 azokat a technikai \u00e9s szervez\u00e9si int\u00e9zked\u00e9seket, \u00e9s kialak\u00edtja azokat az elj\u00e1r\u00e1si szab\u00e1lyokat, amelyek biztos\u00edtj\u00e1k, hogy a felvett, t\u00e1rolt, illetve kezelt adatok v\u00e9dettek legyenek, illet\u0151leg megakad\u00e1lyozza azok megsemmis\u00fcl\u00e9s\u00e9t, jogosulatlan felhaszn\u00e1l\u00e1s\u00e1t \u00e9s jogosulatlan megv\u00e1ltoztat\u00e1s\u00e1t.<\/li>\n<li>Az adatkezel\u0151 gondoskodik arr\u00f3l, hogy a kezelt adatokhoz illet\u00e9ktelen szem\u00e9ly ne f\u00e9rhessen hozz\u00e1, ne hozhassa nyilv\u00e1noss\u00e1gra, ne tov\u00e1bb\u00edthassa, valamint azokat ne m\u00f3dos\u00edthassa, t\u00f6r\u00f6lhesse.<\/li>\n<li><span style=\"color: #555555;\">Az adatkezel\u0151 megtesz minden t\u0151le telhet\u0151t annak \u00e9rdek\u00e9ben, hogy az adatok v\u00e9letlen\u00fcl se s\u00e9r\u00fcljenek, illetve semmis\u00fcljenek meg. A fenti k\u00f6telezetts\u00e9gv\u00e1llal\u00e1st az adatkezel\u0151 az adatkezel\u00e9si tev\u00e9kenys\u00e9gben r\u00e9szt vev\u0151 munkav\u00e1llal\u00f3ik, illetve az adatkezel\u0151 megb\u00edz\u00e1s\u00e1b\u00f3l elj\u00e1r\u00f3 adatfeldolgoz\u00f3(k) r\u00e9sz\u00e9re is el\u0151\u00edrja.<\/span><\/li>\n<\/ul>\n<h3>VI. Jog\u00e9rv\u00e9nyes\u00edt\u00e9si lehet\u0151s\u00e9gek<\/h3>\n<ul>\n<li>Az adatkezel\u0151 mindent elk\u00f6vet, hogy a szem\u00e9lyes adatok kezel\u00e9se a jogszab\u00e1lyoknak megfelel\u0151en t\u00f6rt\u00e9nj\u00e9k, amennyiben \u00fagy \u00e9rzi ennek nem felelt\u00fcnk meg, \u00fagy k\u00e9rj\u00fck \u00edrjon nek\u00fcnk, illetve forduljon a MTM adatv\u00e9delmi<br \/>\nfelel\u0151s\u00e9hez a MTM Kft. 1096 Budapest, Thaly K\u00e1lm\u00e1n u. 39. postai vagy az pulzus@pulzus.eu elektronikus c\u00edmre.<\/li>\n<li>Amennyiben \u00fagy \u00e9rzi, hogy megs\u00e9rtett\u00e9k a szem\u00e9lyes adatok v\u00e9delm\u00e9hez val\u00f3 jog\u00e1t, az \u00e9rintett adattulajdonos az ir\u00e1nyad\u00f3 jogszab\u00e1lyok szerint jogorvoslattal \u00e9lhet a hat\u00e1sk\u00f6rrel rendelkez\u0151 szervekn\u00e9l: a Nemzeti Adatv\u00e9delmi \u00e9s Inform\u00e1ci\u00f3szabads\u00e1g Hat\u00f3s\u00e1gn\u00e1l (1125 Budapest, Szil\u00e1gyi Erzs\u00e9bet fasor 22\/c; telefon: +36-1-391-1400; telefax: +36-1-391-1410; e-mail: ugyfelszolgalat@naih.hu) jogosult bejelent\u00e9st tenni, vagy \u2013 v\u00e1laszt\u00e1sa szerint \u2013 a<br \/>\nSzolg\u00e1ltat\u00f3 sz\u00e9khelye szerinti t\u00f6rv\u00e9nysz\u00e9khez vagy a lak\u00f3helye\/tart\u00f3zkod\u00e1si helye szerinti t\u00f6rv\u00e9nysz\u00e9khez fordulni.<\/li>\n<li>Az elektronikus \u00faton k\u00fcld\u00f6tt rekl\u00e1mokkal kapcsolatban a Nemzeti M\u00e9dia- \u00e9s H\u00edrk\u00f6zl\u00e9si Hat\u00f3s\u00e1g j\u00e1r el, a r\u00e9szletes szab\u00e1lyoz\u00e1s az inform\u00e1ci\u00f3s \u00f6nrendelkez\u00e9si jogr\u00f3l \u00e9s az inform\u00e1ci\u00f3szabads\u00e1gr\u00f3l sz\u00f3l\u00f3 2011. \u00e9vi CXII. t\u00f6rv\u00e9nyben, valamint az elektronikus kereskedelmi szolg\u00e1ltat\u00e1sok, valamint az inform\u00e1ci\u00f3s t\u00e1rsadalommal \u00f6sszef\u00fcgg\u0151 szolg\u00e1ltat\u00e1sok egyes k\u00e9rd\u00e9seir\u0151l sz\u00f3l\u00f3 a 2001. \u00e9vi CVIII. t\u00f6rv\u00e9nyben olvashat\u00f3k.<\/li>\n<li>Jelen adatkezel\u00e9si t\u00e1j\u00e9koztat\u00f3ra a magyar jog, k\u00fcl\u00f6n\u00f6sen az inform\u00e1ci\u00f3s \u00f6nrendelkez\u00e9si jogr\u00f3l \u00e9s az inform\u00e1ci\u00f3szabads\u00e1gr\u00f3l sz\u00f3l\u00f3 2011. \u00e9vi CXII. t\u00f6rv\u00e9ny (tov\u00e1bbiakban: Info t\u00f6rv\u00e9ny) rendelkez\u00e9sei az ir\u00e1nyad\u00f3ak.<\/li>\n<li>Adataival kapcsolatos jogait az Info t\u00f6rv\u00e9ny 13-17., valamint 30. pontjai tartalmazz\u00e1k r\u00e9szletesen.<\/li>\n<li>Az Info tv. 6. \u00a7 (5) bekezd\u00e9se \u00e9rtelm\u00e9ben az adatkezel\u0151 a felvett adatokat t\u00f6rv\u00e9ny elt\u00e9r\u0151 rendelkez\u00e9s\u00e9nek hi\u00e1ny\u00e1ban a r\u00e1 vonatkoz\u00f3 jogi k\u00f6telezetts\u00e9g teljes\u00edt\u00e9se c\u00e9lj\u00e1b\u00f3l, illetve az adatkezel\u0151 vagy harmadik szem\u00e9ly jogos \u00e9rdek\u00e9nek \u00e9rv\u00e9nyes\u00edt\u00e9se c\u00e9lj\u00e1b\u00f3l (ha ezen \u00e9rdek \u00e9rv\u00e9nyes\u00edt\u00e9se a szem\u00e9lyes adatok v\u00e9delm\u00e9hez f\u0171z\u0151d\u0151 jog korl\u00e1toz\u00e1s\u00e1val ar\u00e1nyban \u00e1ll), tov\u00e1bbi k\u00fcl\u00f6n hozz\u00e1j\u00e1rul\u00e1s n\u00e9lk\u00fcl, valamint a hozz\u00e1j\u00e1rul\u00e1s esetleges visszavon\u00e1s\u00e1t k\u00f6vet\u0151en is kezelheti.<\/li>\n<\/ul>\n<h3>Budapest, 2018. m\u00e1rcius 12. MTM Kft.<\/h3>\n","protected":false},"excerpt":{"rendered":"<p>PULZUS J\u00c1T\u00c9K &#8211; Adatkezel\u00e9si t\u00e1j\u00e9koztat\u00f3 a &#8220;J\u00e1tssz a Pulzus-nal a 10 db 5000 Ft-os, a 10 db 25000 Ft-os b\u00f3nusz brig\u00e1d kupon, az 1 db iPhone X, az 1 db 2 szem\u00e9lyes egzotikus utaz\u00e1s nyerem\u00e9nyek egyik\u00e9\u00e9rt!&#8221; j\u00e1t\u00e9kban megadott szem\u00e9lyes adatok kezel\u00e9s\u00e9r\u0151l Az adatkezel\u0151, a MTM Kft. figyelemmel a 2018. m\u00e1jus 25.-i hat\u00e1llyal \u00e9rv\u00e9nybe l\u00e9p\u0151, AZ [&#8230;]\n","protected":false},"author":1,"featured_media":0,"parent":0,"menu_order":0,"comment_status":"closed","ping_status":"closed","template":"","meta":{"_monsterinsights_skip_tracking":false,"_monsterinsights_sitenote_active":false,"_monsterinsights_sitenote_note":"","_monsterinsights_sitenote_category":0,"footnotes":""},"class_list":["post-339","page","type-page","status-publish","hentry"],"_links":{"self":[{"href":"https:\/\/www.pulzus.eu\/en\/wp-json\/wp\/v2\/pages\/339","targetHints":{"allow":["GET"]}}],"collection":[{"href":"https:\/\/www.pulzus.eu\/en\/wp-json\/wp\/v2\/pages"}],"about":[{"href":"https:\/\/www.pulzus.eu\/en\/wp-json\/wp\/v2\/types\/page"}],"author":[{"embeddable":true,"href":"https:\/\/www.pulzus.eu\/en\/wp-json\/wp\/v2\/users\/1"}],"replies":[{"embeddable":true,"href":"https:\/\/www.pulzus.eu\/en\/wp-json\/wp\/v2\/comments?post=339"}],"version-history":[{"count":0,"href":"https:\/\/www.pulzus.eu\/en\/wp-json\/wp\/v2\/pages\/339\/revisions"}],"wp:attachment":[{"href":"https:\/\/www.pulzus.eu\/en\/wp-json\/wp\/v2\/media?parent=339"}],"curies":[{"name":"wp","href":"https:\/\/api.w.org\/{rel}","templated":true}]}}