{"id":294,"date":"2019-05-11T10:01:07","date_gmt":"2019-05-11T10:01:07","guid":{"rendered":"https:\/\/pulzus.eu\/?page_id=294"},"modified":"2025-10-22T08:37:51","modified_gmt":"2025-10-22T06:37:51","slug":"pulzus-kutato-adatkezelesi-tajekoztato","status":"publish","type":"page","link":"https:\/\/www.pulzus.eu\/en\/pulzus-kutato-adatkezelesi-tajekoztato\/","title":{"rendered":"Pulzus Kutat\u00f3 Adatkezel\u00e9si T\u00e1j\u00e9koztat\u00f3"},"content":{"rendered":"<p class=\"qtranxs-available-languages-message qtranxs-available-languages-message-en\">Sorry, this entry is only available in <a href=\"https:\/\/www.pulzus.eu\/hu\/wp-json\/wp\/v2\/pages\/294\" class=\"qtranxs-available-language-link qtranxs-available-language-link-hu\" title=\"Magyar\">Magyar<\/a>.<\/p>","protected":false},"excerpt":{"rendered":"<p>Sorry, this entry is only available in Magyar.<\/p>\n","protected":false},"author":1,"featured_media":254,"parent":0,"menu_order":0,"comment_status":"closed","ping_status":"closed","template":"","meta":{"_monsterinsights_skip_tracking":false,"_monsterinsights_sitenote_active":false,"_monsterinsights_sitenote_note":"","_monsterinsights_sitenote_category":0,"footnotes":""},"class_list":["post-294","page","type-page","status-publish","has-post-thumbnail","hentry"],"_links":{"self":[{"href":"https:\/\/www.pulzus.eu\/en\/wp-json\/wp\/v2\/pages\/294","targetHints":{"allow":["GET"]}}],"collection":[{"href":"https:\/\/www.pulzus.eu\/en\/wp-json\/wp\/v2\/pages"}],"about":[{"href":"https:\/\/www.pulzus.eu\/en\/wp-json\/wp\/v2\/types\/page"}],"author":[{"embeddable":true,"href":"https:\/\/www.pulzus.eu\/en\/wp-json\/wp\/v2\/users\/1"}],"replies":[{"embeddable":true,"href":"https:\/\/www.pulzus.eu\/en\/wp-json\/wp\/v2\/comments?post=294"}],"version-history":[{"count":10,"href":"https:\/\/www.pulzus.eu\/en\/wp-json\/wp\/v2\/pages\/294\/revisions"}],"predecessor-version":[{"id":9311,"href":"https:\/\/www.pulzus.eu\/en\/wp-json\/wp\/v2\/pages\/294\/revisions\/9311"}],"wp:featuredmedia":[{"embeddable":true,"href":"https:\/\/www.pulzus.eu\/en\/wp-json\/wp\/v2\/media\/254"}],"wp:attachment":[{"href":"https:\/\/www.pulzus.eu\/en\/wp-json\/wp\/v2\/media?parent=294"}],"curies":[{"name":"wp","href":"https:\/\/api.w.org\/{rel}","templated":true}]}}